{"id":248,"date":"2025-09-30T11:47:21","date_gmt":"2025-09-30T10:47:21","guid":{"rendered":"https:\/\/pilobike.com\/?page_id=248"},"modified":"2025-10-14T10:57:08","modified_gmt":"2025-10-14T09:57:08","slug":"sobre-nosotros","status":"publish","type":"page","link":"https:\/\/pilobike.com\/en\/sobre-nosotros\/","title":{"rendered":"Sobre nosotros"},"content":{"rendered":"<div data-elementor-type=\"wp-page\" data-elementor-id=\"248\" class=\"elementor elementor-248\" data-elementor-post-type=\"page\">\n\t\t\t\t<div class=\"elementor-element elementor-element-b5c4257 e-flex e-con-boxed e-con e-parent\" data-id=\"b5c4257\" data-element_type=\"container\" data-e-type=\"container\" data-settings=\"{&quot;background_background&quot;:&quot;classic&quot;}\">\n\t\t\t\t\t<div class=\"e-con-inner\">\n\t\t<div class=\"elementor-element elementor-element-387d0fd e-con-full e-flex e-con e-child\" data-id=\"387d0fd\" data-element_type=\"container\" data-e-type=\"container\">\n\t\t\t\t<div class=\"elementor-element elementor-element-3f3e1f6 elementor-widget elementor-widget-heading\" data-id=\"3f3e1f6\" data-element_type=\"widget\" data-e-type=\"widget\" data-widget_type=\"heading.default\">\n\t\t\t\t\t<h2 class=\"elementor-heading-title elementor-size-default\">SOBRE NOSOTROS<\/h2>\t\t\t\t<\/div>\n\t\t\t\t<div class=\"elementor-element elementor-element-3d70667 elementor-widget elementor-widget-text-editor\" data-id=\"3d70667\" data-element_type=\"widget\" data-e-type=\"widget\" data-widget_type=\"text-editor.default\">\n\t\t\t\t\t\t\t\t\t<p>PiloBike no es solo un taller o una tienda de bicicletas; es el sue\u00f1o hecho realidad de un apasionado del ciclismo, forjado con a\u00f1os de experiencia y un compromiso inquebrantable por ofrecer el mejor servicio. Desde la carretera hasta los senderos m\u00e1s desafiantes y la eficiencia de las E-Bikes, compartimos tu amor por las dos ruedas.<\/p>\t\t\t\t\t\t\t\t<\/div>\n\t\t\t\t<\/div>\n\t\t\t\t\t<\/div>\n\t\t\t\t<\/div>\n\t\t<div class=\"elementor-element elementor-element-65d4b12 e-flex e-con-boxed e-con e-parent\" data-id=\"65d4b12\" data-element_type=\"container\" data-e-type=\"container\">\n\t\t\t\t\t<div class=\"e-con-inner\">\n\t\t<div class=\"elementor-element elementor-element-e5a63c7 e-con-full e-flex e-con e-child\" data-id=\"e5a63c7\" data-element_type=\"container\" data-e-type=\"container\">\n\t\t\t\t<div class=\"elementor-element elementor-element-22749ea elementor-widget elementor-widget-image\" data-id=\"22749ea\" data-element_type=\"widget\" data-e-type=\"widget\" data-widget_type=\"image.default\">\n\t\t\t\t\t\t\t\t\t\t\t\t\t\t\t<img fetchpriority=\"high\" decoding=\"async\" width=\"1707\" height=\"2560\" src=\"https:\/\/pilobike.com\/wp-content\/uploads\/2025\/09\/mecanico-reparando-una-bicicleta-scaled.jpg\" class=\"attachment-full size-full wp-image-226\" alt=\"\" srcset=\"https:\/\/pilobike.com\/wp-content\/uploads\/2025\/09\/mecanico-reparando-una-bicicleta-scaled.jpg 1707w, https:\/\/pilobike.com\/wp-content\/uploads\/2025\/09\/mecanico-reparando-una-bicicleta-200x300.jpg 200w, https:\/\/pilobike.com\/wp-content\/uploads\/2025\/09\/mecanico-reparando-una-bicicleta-683x1024.jpg 683w, https:\/\/pilobike.com\/wp-content\/uploads\/2025\/09\/mecanico-reparando-una-bicicleta-768x1152.jpg 768w, https:\/\/pilobike.com\/wp-content\/uploads\/2025\/09\/mecanico-reparando-una-bicicleta-1024x1536.jpg 1024w, https:\/\/pilobike.com\/wp-content\/uploads\/2025\/09\/mecanico-reparando-una-bicicleta-1365x2048.jpg 1365w\" sizes=\"(max-width: 1707px) 100vw, 1707px\" \/>\t\t\t\t\t\t\t\t\t\t\t\t\t\t\t<\/div>\n\t\t<div class=\"elementor-element elementor-element-1e4e731 e-flex e-con-boxed e-con e-child\" data-id=\"1e4e731\" data-element_type=\"container\" data-e-type=\"container\" data-settings=\"{&quot;background_background&quot;:&quot;classic&quot;}\">\n\t\t\t\t\t<div class=\"e-con-inner\">\n\t\t<div class=\"elementor-element elementor-element-f39fd7a e-con-full e-flex e-con e-child\" data-id=\"f39fd7a\" data-element_type=\"container\" data-e-type=\"container\" data-settings=\"{&quot;background_background&quot;:&quot;classic&quot;}\">\n\t\t\t\t<div class=\"elementor-element elementor-element-5a533e5 elementor-widget elementor-widget-heading\" data-id=\"5a533e5\" data-element_type=\"widget\" data-e-type=\"widget\" data-widget_type=\"heading.default\">\n\t\t\t\t\t<h2 class=\"elementor-heading-title elementor-size-default\">Un Camino Forjado con Esfuerzo: M\u00e1s de 14 A\u00f1os de PiloBike.<\/h2>\t\t\t\t<\/div>\n\t\t\t\t<div class=\"elementor-element elementor-element-ced671e elementor-widget elementor-widget-text-editor\" data-id=\"ced671e\" data-element_type=\"widget\" data-e-type=\"widget\" data-widget_type=\"text-editor.default\">\n\t\t\t\t\t\t\t\t\t<p>La historia de PiloBike comienza mucho antes de su apertura.<\/p>\t\t\t\t\t\t\t\t<\/div>\n\t\t\t\t<\/div>\n\t\t\t\t\t<\/div>\n\t\t\t\t<\/div>\n\t\t\t\t<\/div>\n\t\t<div class=\"elementor-element elementor-element-631939c e-con-full e-flex e-con e-child\" data-id=\"631939c\" data-element_type=\"container\" data-e-type=\"container\">\n\t\t\t\t<div class=\"elementor-element elementor-element-7d1901e elementor-widget elementor-widget-heading\" data-id=\"7d1901e\" data-element_type=\"widget\" data-e-type=\"widget\" data-widget_type=\"heading.default\">\n\t\t\t\t\t<h2 class=\"elementor-heading-title elementor-size-default\">M\u00e1s de 14 A\u00f1os de Pasi\u00f3n y Experiencia<\/h2>\t\t\t\t<\/div>\n\t\t\t\t<div class=\"elementor-element elementor-element-9b85e5e elementor-widget elementor-widget-text-editor\" data-id=\"9b85e5e\" data-element_type=\"widget\" data-e-type=\"widget\" data-widget_type=\"text-editor.default\">\n\t\t\t\t\t\t\t\t\t<p>Nuestro fundador, un veterano del ciclismo, se inici\u00f3 en este emocionante mundo en el a\u00f1o <b>1998<\/b>. Durante <b>15 a\u00f1os<\/b>, adquiri\u00f3 un valioso conocimiento y una experiencia inigualable trabajando en diversas tiendas especializadas en Granada. Fue este bagaje, sumado a una visi\u00f3n clara y un profundo amor por las bicicletas, lo que le impuls\u00f3 a dar el salto.<\/p><p>Hace <b>14 a\u00f1os<\/b>, PiloBike abri\u00f3 sus puertas por primera vez. Lo que comenz\u00f3 como un peque\u00f1o taller de apenas <b>15 metros cuadrados<\/b>, impulsado por la ilusi\u00f3n y la dedicaci\u00f3n de una sola persona, ha evolucionado y crecido gracias a la confianza de nuestros clientes. Hoy, nos enorgullece contar con unas modernas instalaciones de <b>105 metros cuadrados<\/b>, dise\u00f1adas para ofrecer un servicio completo y confortable. Este crecimiento es un reflejo de nuestra pasi\u00f3n constante por las bicicletas y el compromiso con cada ciclista que entra por nuestra puerta.<\/p>\t\t\t\t\t\t\t\t<\/div>\n\t\t\t\t<\/div>\n\t\t\t\t\t<\/div>\n\t\t\t\t<\/div>\n\t\t<div class=\"elementor-element elementor-element-5bcdca0 e-flex e-con-boxed e-con e-parent\" data-id=\"5bcdca0\" data-element_type=\"container\" data-e-type=\"container\">\n\t\t\t\t\t<div class=\"e-con-inner\">\n\t\t\t\t<div class=\"elementor-element elementor-element-bae257c elementor-widget elementor-widget-heading\" data-id=\"bae257c\" data-element_type=\"widget\" data-e-type=\"widget\" data-widget_type=\"heading.default\">\n\t\t\t\t\t<h2 class=\"elementor-heading-title elementor-size-default\">\u00bfQUE OFRECEMOS?<\/h2>\t\t\t\t<\/div>\n\t\t\t\t\t<\/div>\n\t\t\t\t<\/div>\n\t\t<div class=\"elementor-element elementor-element-cbb9f02 e-flex e-con-boxed e-con e-parent\" data-id=\"cbb9f02\" data-element_type=\"container\" data-e-type=\"container\">\n\t\t\t\t\t<div class=\"e-con-inner\">\n\t\t<div class=\"elementor-element elementor-element-660bc29 e-con-full e-flex e-con e-child\" data-id=\"660bc29\" data-element_type=\"container\" data-e-type=\"container\">\n\t\t\t\t<div class=\"elementor-element elementor-element-23fdbfc elementor-widget elementor-widget-heading\" data-id=\"23fdbfc\" data-element_type=\"widget\" data-e-type=\"widget\" data-widget_type=\"heading.default\">\n\t\t\t\t\t<div class=\"elementor-heading-title elementor-size-default\">01<\/div>\t\t\t\t<\/div>\n\t\t\t\t<div class=\"elementor-element elementor-element-f031ed6 elementor-widget elementor-widget-heading\" data-id=\"f031ed6\" data-element_type=\"widget\" data-e-type=\"widget\" data-widget_type=\"heading.default\">\n\t\t\t\t\t<h3 class=\"elementor-heading-title elementor-size-default\">Conocimiento Profundo<\/h3>\t\t\t\t<\/div>\n\t\t\t\t<div class=\"elementor-element elementor-element-cc918d8 elementor-widget elementor-widget-text-editor\" data-id=\"cc918d8\" data-element_type=\"widget\" data-e-type=\"widget\" data-widget_type=\"text-editor.default\">\n\t\t\t\t\t\t\t\t\t<p>Un experto que ha vivido y respirado ciclismo desde 1998, capaz de diagnosticar, reparar y asesorar con precisi\u00f3n.<\/p>\t\t\t\t\t\t\t\t<\/div>\n\t\t\t\t<\/div>\n\t\t<div class=\"elementor-element elementor-element-b8643ca e-con-full e-flex e-con e-child\" data-id=\"b8643ca\" data-element_type=\"container\" data-e-type=\"container\">\n\t\t\t\t<div class=\"elementor-element elementor-element-2cd19a3 elementor-widget elementor-widget-heading\" data-id=\"2cd19a3\" data-element_type=\"widget\" data-e-type=\"widget\" data-widget_type=\"heading.default\">\n\t\t\t\t\t<h2 class=\"elementor-heading-title elementor-size-default\">02<\/h2>\t\t\t\t<\/div>\n\t\t\t\t<div class=\"elementor-element elementor-element-8c1f543 elementor-widget elementor-widget-heading\" data-id=\"8c1f543\" data-element_type=\"widget\" data-e-type=\"widget\" data-widget_type=\"heading.default\">\n\t\t\t\t\t<h2 class=\"elementor-heading-title elementor-size-default\">Calidad Garantizada<\/h2>\t\t\t\t<\/div>\n\t\t\t\t<div class=\"elementor-element elementor-element-612da18 elementor-widget elementor-widget-text-editor\" data-id=\"612da18\" data-element_type=\"widget\" data-e-type=\"widget\" data-widget_type=\"text-editor.default\">\n\t\t\t\t\t\t\t\t\t<p>Solo trabajamos con las mejores marcas en repuestos y accesorios, asegurando durabilidad y rendimiento.<\/p>\t\t\t\t\t\t\t\t<\/div>\n\t\t\t\t<\/div>\n\t\t<div class=\"elementor-element elementor-element-9e07bae e-con-full e-flex e-con e-child\" data-id=\"9e07bae\" data-element_type=\"container\" data-e-type=\"container\">\n\t\t\t\t<div class=\"elementor-element elementor-element-2d39525 elementor-widget elementor-widget-heading\" data-id=\"2d39525\" data-element_type=\"widget\" data-e-type=\"widget\" data-widget_type=\"heading.default\">\n\t\t\t\t\t<h2 class=\"elementor-heading-title elementor-size-default\">03<\/h2>\t\t\t\t<\/div>\n\t\t\t\t<div class=\"elementor-element elementor-element-56a02fc elementor-widget elementor-widget-heading\" data-id=\"56a02fc\" data-element_type=\"widget\" data-e-type=\"widget\" data-widget_type=\"heading.default\">\n\t\t\t\t\t<h2 class=\"elementor-heading-title elementor-size-default\">EspecializaDOS en E-Bikes<\/h2>\t\t\t\t<\/div>\n\t\t\t\t<div class=\"elementor-element elementor-element-8e0019e elementor-widget elementor-widget-text-editor\" data-id=\"8e0019e\" data-element_type=\"widget\" data-e-type=\"widget\" data-widget_type=\"text-editor.default\">\n\t\t\t\t\t\t\t\t\t<p>Somos pioneros y expertos en la reparaci\u00f3n y mantenimiento de bicicletas el\u00e9ctricas, con servicio oficial de los principales motores.<\/p>\t\t\t\t\t\t\t\t<\/div>\n\t\t\t\t<\/div>\n\t\t<div class=\"elementor-element elementor-element-d41da7e e-con-full e-flex e-con e-child\" data-id=\"d41da7e\" data-element_type=\"container\" data-e-type=\"container\">\n\t\t\t\t<div class=\"elementor-element elementor-element-f652438 elementor-widget elementor-widget-heading\" data-id=\"f652438\" data-element_type=\"widget\" data-e-type=\"widget\" data-widget_type=\"heading.default\">\n\t\t\t\t\t<h2 class=\"elementor-heading-title elementor-size-default\">04<\/h2>\t\t\t\t<\/div>\n\t\t\t\t<div class=\"elementor-element elementor-element-735416a elementor-widget elementor-widget-heading\" data-id=\"735416a\" data-element_type=\"widget\" data-e-type=\"widget\" data-widget_type=\"heading.default\">\n\t\t\t\t\t<h2 class=\"elementor-heading-title elementor-size-default\">Comunidad Ciclista<\/h2>\t\t\t\t<\/div>\n\t\t\t\t<div class=\"elementor-element elementor-element-94fbb22 elementor-widget elementor-widget-text-editor\" data-id=\"94fbb22\" data-element_type=\"widget\" data-e-type=\"widget\" data-widget_type=\"text-editor.default\">\n\t\t\t\t\t\t\t\t\t<p>M\u00e1s que clientes, te consideramos parte de la familia PiloBike, listos para compartir consejos, rutas y experiencias.<\/p>\t\t\t\t\t\t\t\t<\/div>\n\t\t\t\t<\/div>\n\t\t\t\t\t<\/div>\n\t\t\t\t<\/div>\n\t\t<div class=\"elementor-element elementor-element-f265935 e-flex e-con-boxed e-con e-parent\" data-id=\"f265935\" data-element_type=\"container\" data-e-type=\"container\" data-settings=\"{&quot;background_background&quot;:&quot;video&quot;,&quot;background_video_link&quot;:&quot;https:\\\/\\\/pilobike.com\\\/wp-content\\\/uploads\\\/2025\\\/09\\\/ride60_header_desk.mp4&quot;}\">\n\t\t\t\t\t<div class=\"e-con-inner\">\n\t\t<div class=\"elementor-background-video-container elementor-hidden-mobile\">\n\t\t\t\t\t\t\t<video class=\"elementor-background-video-hosted\" role=\"presentation\" autoplay muted playsinline loop><\/video>\n\t\t\t\t\t<\/div><div class=\"elementor-element elementor-element-a8d9aa0 e-con-full e-flex e-con e-child\" data-id=\"a8d9aa0\" data-element_type=\"container\" data-e-type=\"container\">\n\t\t\t\t<div class=\"elementor-element elementor-element-cd35066 elementor-widget elementor-widget-heading\" data-id=\"cd35066\" data-element_type=\"widget\" data-e-type=\"widget\" data-widget_type=\"heading.default\">\n\t\t\t\t\t<h2 class=\"elementor-heading-title elementor-size-default\">Descubre la Diferencia PiloBike.<\/h2>\t\t\t\t<\/div>\n\t\t\t\t<div class=\"elementor-element elementor-element-2568b31 elementor-widget elementor-widget-text-editor\" data-id=\"2568b31\" data-element_type=\"widget\" data-e-type=\"widget\" data-widget_type=\"text-editor.default\">\n\t\t\t\t\t\t\t\t\t<p>Te invitamos a visitarnos y experimentar la diferencia de un servicio hecho con pasi\u00f3n. En PiloBike, no solo reparamos bicicletas; construimos relaciones y compartimos la emoci\u00f3n de cada pedaleo. \u00a1Esperamos verte pronto!<\/p>\t\t\t\t\t\t\t\t<\/div>\n\t\t\t\t<\/div>\n\t\t<div class=\"elementor-element elementor-element-3895ecc e-con-full e-flex e-con e-child\" data-id=\"3895ecc\" data-element_type=\"container\" data-e-type=\"container\">\n\t\t\t\t<\/div>\n\t\t\t\t\t<\/div>\n\t\t\t\t<\/div>\n\t\t\t\t<\/div>","protected":false},"excerpt":{"rendered":"<p>SOBRE NOSOTROS PiloBike no es solo un taller o una tienda de bicicletas; es el sue\u00f1o hecho realidad de un [&hellip;]<\/p>\n","protected":false},"author":1,"featured_media":0,"parent":0,"menu_order":0,"comment_status":"closed","ping_status":"closed","template":"","meta":{"site-sidebar-layout":"no-sidebar","site-content-layout":"","ast-site-content-layout":"full-width-container","site-content-style":"default","site-sidebar-style":"default","ast-global-header-display":"","ast-banner-title-visibility":"","ast-main-header-display":"","ast-hfb-above-header-display":"","ast-hfb-below-header-display":"","ast-hfb-mobile-header-display":"","site-post-title":"disabled","ast-breadcrumbs-content":"","ast-featured-img":"disabled","footer-sml-layout":"","ast-disable-related-posts":"","theme-transparent-header-meta":"","adv-header-id-meta":"","stick-header-meta":"","header-above-stick-meta":"","header-main-stick-meta":"","header-below-stick-meta":"","astra-migrate-meta-layouts":"default","ast-page-background-enabled":"default","ast-page-background-meta":{"desktop":{"background-color":"var(--ast-global-color-5)","background-image":"","background-repeat":"repeat","background-position":"center center","background-size":"auto","background-attachment":"scroll","background-type":"","background-media":"","overlay-type":"","overlay-color":"","overlay-opacity":"","overlay-gradient":""},"tablet":{"background-color":"","background-image":"","background-repeat":"repeat","background-position":"center center","background-size":"auto","background-attachment":"scroll","background-type":"","background-media":"","overlay-type":"","overlay-color":"","overlay-opacity":"","overlay-gradient":""},"mobile":{"background-color":"","background-image":"","background-repeat":"repeat","background-position":"center center","background-size":"auto","background-attachment":"scroll","background-type":"","background-media":"","overlay-type":"","overlay-color":"","overlay-opacity":"","overlay-gradient":""}},"ast-content-background-meta":{"desktop":{"background-color":"var(--ast-global-color-4)","background-image":"","background-repeat":"repeat","background-position":"center center","background-size":"auto","background-attachment":"scroll","background-type":"","background-media":"","overlay-type":"","overlay-color":"","overlay-opacity":"","overlay-gradient":""},"tablet":{"background-color":"var(--ast-global-color-4)","background-image":"","background-repeat":"repeat","background-position":"center center","background-size":"auto","background-attachment":"scroll","background-type":"","background-media":"","overlay-type":"","overlay-color":"","overlay-opacity":"","overlay-gradient":""},"mobile":{"background-color":"var(--ast-global-color-4)","background-image":"","background-repeat":"repeat","background-position":"center center","background-size":"auto","background-attachment":"scroll","background-type":"","background-media":"","overlay-type":"","overlay-color":"","overlay-opacity":"","overlay-gradient":""}},"footnotes":""},"class_list":["post-248","page","type-page","status-publish","hentry"],"yoast_head":"<!-- This site is optimized with the Yoast SEO plugin v27.4 - https:\/\/yoast.com\/product\/yoast-seo-wordpress\/ -->\n<title>Sobre nosotros - PiloBike<\/title>\n<meta name=\"robots\" content=\"index, follow, max-snippet:-1, max-image-preview:large, max-video-preview:-1\" \/>\n<link rel=\"canonical\" href=\"https:\/\/pilobike.com\/en\/sobre-nosotros\/\" \/>\n<meta property=\"og:locale\" content=\"en_GB\" \/>\n<meta property=\"og:type\" content=\"article\" \/>\n<meta property=\"og:title\" content=\"Sobre nosotros - PiloBike\" \/>\n<meta property=\"og:description\" content=\"SOBRE NOSOTROS PiloBike no es solo un taller o una tienda de bicicletas; es el sue\u00f1o hecho realidad de un [&hellip;]\" \/>\n<meta property=\"og:url\" content=\"https:\/\/pilobike.com\/en\/sobre-nosotros\/\" \/>\n<meta property=\"og:site_name\" content=\"PiloBike\" \/>\n<meta property=\"article:modified_time\" content=\"2025-10-14T09:57:08+00:00\" \/>\n<meta property=\"og:image\" content=\"https:\/\/pilobike.com\/wp-content\/uploads\/2025\/09\/mecanico-reparando-una-bicicleta-scaled.jpg\" \/>\n\t<meta property=\"og:image:width\" content=\"1707\" \/>\n\t<meta property=\"og:image:height\" content=\"2560\" \/>\n\t<meta property=\"og:image:type\" content=\"image\/jpeg\" \/>\n<meta name=\"twitter:card\" content=\"summary_large_image\" \/>\n<meta name=\"twitter:label1\" content=\"Estimated reading time\" \/>\n\t<meta name=\"twitter:data1\" content=\"2 minutes\" \/>\n<script type=\"application\/ld+json\" class=\"yoast-schema-graph\">{\"@context\":\"https:\\\/\\\/schema.org\",\"@graph\":[{\"@type\":\"WebPage\",\"@id\":\"https:\\\/\\\/pilobike.com\\\/sobre-nosotros\\\/\",\"url\":\"https:\\\/\\\/pilobike.com\\\/sobre-nosotros\\\/\",\"name\":\"Sobre nosotros - PiloBike\",\"isPartOf\":{\"@id\":\"https:\\\/\\\/pilobike.com\\\/#website\"},\"primaryImageOfPage\":{\"@id\":\"https:\\\/\\\/pilobike.com\\\/sobre-nosotros\\\/#primaryimage\"},\"image\":{\"@id\":\"https:\\\/\\\/pilobike.com\\\/sobre-nosotros\\\/#primaryimage\"},\"thumbnailUrl\":\"https:\\\/\\\/pilobike.com\\\/wp-content\\\/uploads\\\/2025\\\/09\\\/mecanico-reparando-una-bicicleta-scaled.jpg\",\"datePublished\":\"2025-09-30T10:47:21+00:00\",\"dateModified\":\"2025-10-14T09:57:08+00:00\",\"breadcrumb\":{\"@id\":\"https:\\\/\\\/pilobike.com\\\/sobre-nosotros\\\/#breadcrumb\"},\"inLanguage\":\"en-GB\",\"potentialAction\":[{\"@type\":\"ReadAction\",\"target\":[\"https:\\\/\\\/pilobike.com\\\/sobre-nosotros\\\/\"]}]},{\"@type\":\"ImageObject\",\"inLanguage\":\"en-GB\",\"@id\":\"https:\\\/\\\/pilobike.com\\\/sobre-nosotros\\\/#primaryimage\",\"url\":\"https:\\\/\\\/pilobike.com\\\/wp-content\\\/uploads\\\/2025\\\/09\\\/mecanico-reparando-una-bicicleta-scaled.jpg\",\"contentUrl\":\"https:\\\/\\\/pilobike.com\\\/wp-content\\\/uploads\\\/2025\\\/09\\\/mecanico-reparando-una-bicicleta-scaled.jpg\"},{\"@type\":\"BreadcrumbList\",\"@id\":\"https:\\\/\\\/pilobike.com\\\/sobre-nosotros\\\/#breadcrumb\",\"itemListElement\":[{\"@type\":\"ListItem\",\"position\":1,\"name\":\"Portada\",\"item\":\"https:\\\/\\\/pilobike.com\\\/\"},{\"@type\":\"ListItem\",\"position\":2,\"name\":\"Sobre nosotros\"}]},{\"@type\":\"WebSite\",\"@id\":\"https:\\\/\\\/pilobike.com\\\/#website\",\"url\":\"https:\\\/\\\/pilobike.com\\\/\",\"name\":\"PiloBike\",\"description\":\"\",\"publisher\":{\"@id\":\"https:\\\/\\\/pilobike.com\\\/#organization\"},\"potentialAction\":[{\"@type\":\"SearchAction\",\"target\":{\"@type\":\"EntryPoint\",\"urlTemplate\":\"https:\\\/\\\/pilobike.com\\\/?s={search_term_string}\"},\"query-input\":{\"@type\":\"PropertyValueSpecification\",\"valueRequired\":true,\"valueName\":\"search_term_string\"}}],\"inLanguage\":\"en-GB\"},{\"@type\":\"Organization\",\"@id\":\"https:\\\/\\\/pilobike.com\\\/#organization\",\"name\":\"PiloBike\",\"url\":\"https:\\\/\\\/pilobike.com\\\/\",\"logo\":{\"@type\":\"ImageObject\",\"inLanguage\":\"en-GB\",\"@id\":\"https:\\\/\\\/pilobike.com\\\/#\\\/schema\\\/logo\\\/image\\\/\",\"url\":\"https:\\\/\\\/pilobike.com\\\/wp-content\\\/uploads\\\/2025\\\/09\\\/PiloBike-logo.png\",\"contentUrl\":\"https:\\\/\\\/pilobike.com\\\/wp-content\\\/uploads\\\/2025\\\/09\\\/PiloBike-logo.png\",\"width\":1874,\"height\":1160,\"caption\":\"PiloBike\"},\"image\":{\"@id\":\"https:\\\/\\\/pilobike.com\\\/#\\\/schema\\\/logo\\\/image\\\/\"}}]}<\/script>\n<!-- \/ Yoast SEO plugin. -->","yoast_head_json":{"title":"Sobre nosotros - PiloBike","robots":{"index":"index","follow":"follow","max-snippet":"max-snippet:-1","max-image-preview":"max-image-preview:large","max-video-preview":"max-video-preview:-1"},"canonical":"https:\/\/pilobike.com\/en\/sobre-nosotros\/","og_locale":"en_GB","og_type":"article","og_title":"Sobre nosotros - PiloBike","og_description":"SOBRE NOSOTROS PiloBike no es solo un taller o una tienda de bicicletas; es el sue\u00f1o hecho realidad de un [&hellip;]","og_url":"https:\/\/pilobike.com\/en\/sobre-nosotros\/","og_site_name":"PiloBike","article_modified_time":"2025-10-14T09:57:08+00:00","og_image":[{"width":1707,"height":2560,"url":"https:\/\/pilobike.com\/wp-content\/uploads\/2025\/09\/mecanico-reparando-una-bicicleta-scaled.jpg","type":"image\/jpeg"}],"twitter_card":"summary_large_image","twitter_misc":{"Estimated reading time":"2 minutes"},"schema":{"@context":"https:\/\/schema.org","@graph":[{"@type":"WebPage","@id":"https:\/\/pilobike.com\/sobre-nosotros\/","url":"https:\/\/pilobike.com\/sobre-nosotros\/","name":"Sobre nosotros - PiloBike","isPartOf":{"@id":"https:\/\/pilobike.com\/#website"},"primaryImageOfPage":{"@id":"https:\/\/pilobike.com\/sobre-nosotros\/#primaryimage"},"image":{"@id":"https:\/\/pilobike.com\/sobre-nosotros\/#primaryimage"},"thumbnailUrl":"https:\/\/pilobike.com\/wp-content\/uploads\/2025\/09\/mecanico-reparando-una-bicicleta-scaled.jpg","datePublished":"2025-09-30T10:47:21+00:00","dateModified":"2025-10-14T09:57:08+00:00","breadcrumb":{"@id":"https:\/\/pilobike.com\/sobre-nosotros\/#breadcrumb"},"inLanguage":"en-GB","potentialAction":[{"@type":"ReadAction","target":["https:\/\/pilobike.com\/sobre-nosotros\/"]}]},{"@type":"ImageObject","inLanguage":"en-GB","@id":"https:\/\/pilobike.com\/sobre-nosotros\/#primaryimage","url":"https:\/\/pilobike.com\/wp-content\/uploads\/2025\/09\/mecanico-reparando-una-bicicleta-scaled.jpg","contentUrl":"https:\/\/pilobike.com\/wp-content\/uploads\/2025\/09\/mecanico-reparando-una-bicicleta-scaled.jpg"},{"@type":"BreadcrumbList","@id":"https:\/\/pilobike.com\/sobre-nosotros\/#breadcrumb","itemListElement":[{"@type":"ListItem","position":1,"name":"Portada","item":"https:\/\/pilobike.com\/"},{"@type":"ListItem","position":2,"name":"Sobre nosotros"}]},{"@type":"WebSite","@id":"https:\/\/pilobike.com\/#website","url":"https:\/\/pilobike.com\/","name":"PiloBike","description":"","publisher":{"@id":"https:\/\/pilobike.com\/#organization"},"potentialAction":[{"@type":"SearchAction","target":{"@type":"EntryPoint","urlTemplate":"https:\/\/pilobike.com\/?s={search_term_string}"},"query-input":{"@type":"PropertyValueSpecification","valueRequired":true,"valueName":"search_term_string"}}],"inLanguage":"en-GB"},{"@type":"Organization","@id":"https:\/\/pilobike.com\/#organization","name":"PiloBike","url":"https:\/\/pilobike.com\/","logo":{"@type":"ImageObject","inLanguage":"en-GB","@id":"https:\/\/pilobike.com\/#\/schema\/logo\/image\/","url":"https:\/\/pilobike.com\/wp-content\/uploads\/2025\/09\/PiloBike-logo.png","contentUrl":"https:\/\/pilobike.com\/wp-content\/uploads\/2025\/09\/PiloBike-logo.png","width":1874,"height":1160,"caption":"PiloBike"},"image":{"@id":"https:\/\/pilobike.com\/#\/schema\/logo\/image\/"}}]}},"_links":{"self":[{"href":"https:\/\/pilobike.com\/en\/wp-json\/wp\/v2\/pages\/248","targetHints":{"allow":["GET"]}}],"collection":[{"href":"https:\/\/pilobike.com\/en\/wp-json\/wp\/v2\/pages"}],"about":[{"href":"https:\/\/pilobike.com\/en\/wp-json\/wp\/v2\/types\/page"}],"author":[{"embeddable":true,"href":"https:\/\/pilobike.com\/en\/wp-json\/wp\/v2\/users\/1"}],"replies":[{"embeddable":true,"href":"https:\/\/pilobike.com\/en\/wp-json\/wp\/v2\/comments?post=248"}],"version-history":[{"count":40,"href":"https:\/\/pilobike.com\/en\/wp-json\/wp\/v2\/pages\/248\/revisions"}],"predecessor-version":[{"id":358,"href":"https:\/\/pilobike.com\/en\/wp-json\/wp\/v2\/pages\/248\/revisions\/358"}],"wp:attachment":[{"href":"https:\/\/pilobike.com\/en\/wp-json\/wp\/v2\/media?parent=248"}],"curies":[{"name":"wp","href":"https:\/\/api.w.org\/{rel}","templated":true}]}}